{"id":11705,"date":"2023-07-17T15:49:32","date_gmt":"2023-07-17T13:49:32","guid":{"rendered":"https:\/\/info-kahrs.ch\/vergleich\/"},"modified":"2024-09-09T14:56:00","modified_gmt":"2024-09-09T12:56:00","slug":"vergleich","status":"publish","type":"page","link":"https:\/\/kahrs.ch\/de\/vergleich\/","title":{"rendered":"Vergleich"},"content":{"rendered":"\t\t<div data-elementor-type=\"wp-page\" data-elementor-id=\"11705\" class=\"elementor elementor-11705 elementor-167\" data-elementor-post-type=\"page\">\n\t\t\t\t\t\t<section class=\"elementor-section elementor-top-section elementor-element elementor-element-ddd7f5d elementor-section-boxed elementor-section-height-default elementor-section-height-default\" data-id=\"ddd7f5d\" data-element_type=\"section\" data-e-type=\"section\" data-settings=\"{&quot;jet_parallax_layout_list&quot;:[]}\">\n\t\t\t\t\t\t<div class=\"elementor-container elementor-column-gap-default\">\n\t\t\t\t\t<div class=\"elementor-column elementor-col-100 elementor-top-column elementor-element elementor-element-9a452fd\" data-id=\"9a452fd\" data-element_type=\"column\" data-e-type=\"column\">\n\t\t\t<div class=\"elementor-widget-wrap elementor-element-populated\">\n\t\t\t\t\t\t<div class=\"elementor-element elementor-element-0143f50 uael-heading-align-center elementor-widget elementor-widget-uael-advanced-heading\" data-id=\"0143f50\" data-element_type=\"widget\" data-e-type=\"widget\" data-widget_type=\"uael-advanced-heading.default\">\n\t\t\t\t<div class=\"elementor-widget-container\">\n\t\t\t\t\t\n\t\t<div class=\"uael-module-content uael-heading-wrapper\">\n\t\t\t\t\t\t<div class=\"uael-module-content uael-separator-parent\">\n\t\t\t\t\t\t\t\t<div class=\"uael-separator-wrap\">\n\t\t\t\t\t<div class=\"uael-separator-line uael-side-left\">\n\t\t\t\t\t\t<span><\/span>\n\t\t\t\t\t<\/div>\n\t\t\t\t\t<div class=\"uael-divider-content\">\n\t\t\t\t\t\t\t\t\t<div class=\"uael-module-content uael-imgicon-wrap elementor-animation-\">\t\t\t\t\t\t\t\t\t\t\t\t\t\t\t<div class=\"uael-icon-wrap\">\n\t\t\t\t\t\t\t\t<span class=\"uael-icon\">\n\t\t\t\t\t\t\t\t\t<i aria-hidden=\"true\" class=\"fa fa-star\"><\/i>\n\t\t\t\t\t\t\t\t<\/span>\n\t\t\t\t\t\t\t<\/div>\n\t\t\t\t\t\t\t\n\t\t\t\t\t\t\t\t\t\t\t<\/div>\n\t\t\t\t\t\t\t\t\t\n\t\t\t\t\t<\/div>\n\t\t\t\t\t<div class=\"uael-separator-line uael-side-right\">\n\t\t\t\t\t\t<span><\/span>\n\t\t\t\t\t<\/div>\n\t\t\t\t<\/div>\n\t\t\t\t\t\t\t\t\t\t<\/div>\n\t\t\t\t\t\t\n\t\t\t<h1 class=\"uael-heading\">\n\t\t\t\t\t\t\t\t\t\t<span class=\"uael-heading-text elementor-inline-editing uael-size--default\" data-elementor-setting-key=\"heading_title\" data-elementor-inline-editing-toolbar=\"basic\">Vergleichen Sie Ihre B\u00f6den<\/span>\n\t\t\t\t\t\t\t<\/h1>\n\n\t\t\t\n\t\t\t\n\t\t\t\t\t\t\t<div class=\"uael-subheading elementor-inline-editing\" data-elementor-setting-key=\"heading_description\" data-elementor-inline-editing-toolbar=\"advanced\" >\n\t\t\t\t\tSie k\u00f6nnen Ihre B\u00f6den vergleichen und sie direkt in diese Tabellen einf\u00fcgen, um die Unterschiede zu verstehen.\t\t\t\t<\/div>\n\t\t\t\t\n\t\t\t\t\t\t<\/div>\n\t\t\t\t\t\t<\/div>\n\t\t\t\t<\/div>\n\t\t\t\t<div class=\"elementor-element elementor-element-087ed49 elementor-widget elementor-widget-jet-compare\" data-id=\"087ed49\" data-element_type=\"widget\" data-e-type=\"widget\" data-widget_type=\"jet-compare.default\">\n\t\t\t\t<div class=\"elementor-widget-container\">\n\t\t\t\t\t<div class=\"jet-cw jet-compare\">\n\t\t\t<div class=\"jet-compare-table__wrapper\" data-widget-type=\"jet-compare\" data-widget-id=\"087ed49\">\n\t\t\t\t<h5 class=\"jet-compare-table-empty\">Sie haben keine Vergleichslisten. Produkte zum Vergleich hinzuf\u00fcgen.<\/h5>\n\t\t\t<\/div>\n\n\t\t\t<\/div>\t\t\t\t<\/div>\n\t\t\t\t<\/div>\n\t\t\t\t\t<\/div>\n\t\t<\/div>\n\t\t\t\t\t<\/div>\n\t\t<\/section>\n\t\t\t\t<\/div>\n\t\t","protected":false},"excerpt":{"rendered":"<p>Vergleichen Sie Ihre B\u00f6den Sie k\u00f6nnen Ihre B\u00f6den vergleichen und sie direkt in diese Tabellen einf\u00fcgen, um die Unterschiede zu verstehen. Zeige mir die Unterschiede Show All Fotos Produktname N\u00b0137.1 Detaillierte Merkmale Produktart Parkett Aufbau 3-Schicht-Parkett Holzarten Eiche Dielenmuster 3-Stab Sortierung Town Verlegung schwimmend \/ vollfl\u00e4chig verklebt Kollektion Solex Collection Verbindung Woodloc\u00ae 5S Nutzschicht ca. [&hellip;]<\/p>\n","protected":false},"author":1,"featured_media":0,"parent":0,"menu_order":0,"comment_status":"closed","ping_status":"closed","template":"","meta":{"_acf_changed":false,"site-sidebar-layout":"no-sidebar","site-content-layout":"page-builder","ast-site-content-layout":"full-width-container","site-content-style":"unboxed","site-sidebar-style":"unboxed","ast-global-header-display":"","ast-banner-title-visibility":"","ast-main-header-display":"","ast-hfb-above-header-display":"","ast-hfb-below-header-display":"","ast-hfb-mobile-header-display":"","site-post-title":"disabled","ast-breadcrumbs-content":"","ast-featured-img":"disabled","footer-sml-layout":"","ast-disable-related-posts":"","theme-transparent-header-meta":"","adv-header-id-meta":"","stick-header-meta":"","header-above-stick-meta":"","header-main-stick-meta":"","header-below-stick-meta":"","astra-migrate-meta-layouts":"set","ast-page-background-enabled":"default","ast-page-background-meta":{"desktop":{"background-color":"var(--ast-global-color-4)","background-image":"","background-repeat":"repeat","background-position":"center center","background-size":"auto","background-attachment":"scroll","background-type":"","background-media":"","overlay-type":"","overlay-color":"","overlay-opacity":"","overlay-gradient":""},"tablet":{"background-color":"","background-image":"","background-repeat":"repeat","background-position":"center center","background-size":"auto","background-attachment":"scroll","background-type":"","background-media":"","overlay-type":"","overlay-color":"","overlay-opacity":"","overlay-gradient":""},"mobile":{"background-color":"","background-image":"","background-repeat":"repeat","background-position":"center center","background-size":"auto","background-attachment":"scroll","background-type":"","background-media":"","overlay-type":"","overlay-color":"","overlay-opacity":"","overlay-gradient":""}},"ast-content-background-meta":{"desktop":{"background-color":"var(--ast-global-color-5)","background-image":"","background-repeat":"repeat","background-position":"center center","background-size":"auto","background-attachment":"scroll","background-type":"","background-media":"","overlay-type":"","overlay-color":"","overlay-opacity":"","overlay-gradient":""},"tablet":{"background-color":"var(--ast-global-color-5)","background-image":"","background-repeat":"repeat","background-position":"center center","background-size":"auto","background-attachment":"scroll","background-type":"","background-media":"","overlay-type":"","overlay-color":"","overlay-opacity":"","overlay-gradient":""},"mobile":{"background-color":"var(--ast-global-color-5)","background-image":"","background-repeat":"repeat","background-position":"center center","background-size":"auto","background-attachment":"scroll","background-type":"","background-media":"","overlay-type":"","overlay-color":"","overlay-opacity":"","overlay-gradient":""}},"footnotes":""},"class_list":["post-11705","page","type-page","status-publish","hentry"],"acf":[],"yoast_head":"<!-- This site is optimized with the Yoast SEO plugin v27.1.1 - https:\/\/yoast.com\/product\/yoast-seo-wordpress\/ -->\n<title>Vergleich | K\u00e4hrs Switzerland<\/title>\n<meta name=\"robots\" content=\"index, follow, max-snippet:-1, max-image-preview:large, max-video-preview:-1\" \/>\n<link rel=\"canonical\" href=\"https:\/\/kahrs.ch\/de\/vergleich\/\" \/>\n<meta property=\"og:locale\" content=\"de_DE\" \/>\n<meta property=\"og:type\" content=\"article\" \/>\n<meta property=\"og:title\" content=\"Vergleich | K\u00e4hrs Switzerland\" \/>\n<meta property=\"og:description\" content=\"Vergleichen Sie Ihre B\u00f6den Sie k\u00f6nnen Ihre B\u00f6den vergleichen und sie direkt in diese Tabellen einf\u00fcgen, um die Unterschiede zu verstehen. Zeige mir die Unterschiede Show All Fotos Produktname N\u00b0137.1 Detaillierte Merkmale Produktart Parkett Aufbau 3-Schicht-Parkett Holzarten Eiche Dielenmuster 3-Stab Sortierung Town Verlegung schwimmend \/ vollfl\u00e4chig verklebt Kollektion Solex Collection Verbindung Woodloc\u00ae 5S Nutzschicht ca. [&hellip;]\" \/>\n<meta property=\"og:url\" content=\"https:\/\/kahrs.ch\/de\/vergleich\/\" \/>\n<meta property=\"og:site_name\" content=\"K\u00e4hrs Switzerland\" \/>\n<meta property=\"article:modified_time\" content=\"2024-09-09T12:56:00+00:00\" \/>\n<meta property=\"og:image\" content=\"https:\/\/info-kahrs.ch\/wp-content\/uploads\/2023\/07\/s137.1-150x150.jpg\" \/>\n<meta name=\"twitter:card\" content=\"summary_large_image\" \/>\n<meta name=\"twitter:label1\" content=\"Gesch\u00e4tzte Lesezeit\" \/>\n\t<meta name=\"twitter:data1\" content=\"1\u00a0Minute\" \/>\n<script type=\"application\/ld+json\" class=\"yoast-schema-graph\">{\"@context\":\"https:\/\/schema.org\",\"@graph\":[{\"@type\":\"WebPage\",\"@id\":\"https:\/\/kahrs.ch\/de\/vergleich\/\",\"url\":\"https:\/\/kahrs.ch\/de\/vergleich\/\",\"name\":\"Vergleich | K\u00e4hrs Switzerland\",\"isPartOf\":{\"@id\":\"https:\/\/kahrs.ch\/de\/#website\"},\"primaryImageOfPage\":{\"@id\":\"https:\/\/kahrs.ch\/de\/vergleich\/#primaryimage\"},\"image\":{\"@id\":\"https:\/\/kahrs.ch\/de\/vergleich\/#primaryimage\"},\"thumbnailUrl\":\"https:\/\/info-kahrs.ch\/wp-content\/uploads\/2023\/07\/s137.1-150x150.jpg\",\"datePublished\":\"2023-07-17T13:49:32+00:00\",\"dateModified\":\"2024-09-09T12:56:00+00:00\",\"breadcrumb\":{\"@id\":\"https:\/\/kahrs.ch\/de\/vergleich\/#breadcrumb\"},\"inLanguage\":\"de\",\"potentialAction\":[{\"@type\":\"ReadAction\",\"target\":[\"https:\/\/kahrs.ch\/de\/vergleich\/\"]}]},{\"@type\":\"ImageObject\",\"inLanguage\":\"de\",\"@id\":\"https:\/\/kahrs.ch\/de\/vergleich\/#primaryimage\",\"url\":\"https:\/\/info-kahrs.ch\/wp-content\/uploads\/2023\/07\/s137.1-150x150.jpg\",\"contentUrl\":\"https:\/\/info-kahrs.ch\/wp-content\/uploads\/2023\/07\/s137.1-150x150.jpg\"},{\"@type\":\"BreadcrumbList\",\"@id\":\"https:\/\/kahrs.ch\/de\/vergleich\/#breadcrumb\",\"itemListElement\":[{\"@type\":\"ListItem\",\"position\":1,\"name\":\"Accueil\",\"item\":\"https:\/\/kahrs.ch\/de\/kaehrs-parkett-und-vinylboeden\/\"},{\"@type\":\"ListItem\",\"position\":2,\"name\":\"Vergleich\"}]},{\"@type\":\"WebSite\",\"@id\":\"https:\/\/kahrs.ch\/de\/#website\",\"url\":\"https:\/\/kahrs.ch\/de\/\",\"name\":\"K\u00e4hrs Switzerland\",\"description\":\"\",\"publisher\":{\"@id\":\"https:\/\/kahrs.ch\/de\/#organization\"},\"alternateName\":\"K\u00e4hrs Switzerland\",\"potentialAction\":[{\"@type\":\"SearchAction\",\"target\":{\"@type\":\"EntryPoint\",\"urlTemplate\":\"https:\/\/kahrs.ch\/de\/?s={search_term_string}\"},\"query-input\":{\"@type\":\"PropertyValueSpecification\",\"valueRequired\":true,\"valueName\":\"search_term_string\"}}],\"inLanguage\":\"de\"},{\"@type\":\"Organization\",\"@id\":\"https:\/\/kahrs.ch\/de\/#organization\",\"name\":\"K\u00e4hrs Switzerland\",\"url\":\"https:\/\/kahrs.ch\/de\/\",\"logo\":{\"@type\":\"ImageObject\",\"inLanguage\":\"de\",\"@id\":\"https:\/\/kahrs.ch\/de\/#\/schema\/logo\/image\/\",\"url\":\"https:\/\/kahrs.ch\/wp-content\/uploads\/2023\/08\/Kahrs-logotype-without-tagline_Print-150dpi_2-1.jpg\",\"contentUrl\":\"https:\/\/kahrs.ch\/wp-content\/uploads\/2023\/08\/Kahrs-logotype-without-tagline_Print-150dpi_2-1.jpg\",\"width\":421,\"height\":376,\"caption\":\"K\u00e4hrs Switzerland\"},\"image\":{\"@id\":\"https:\/\/kahrs.ch\/de\/#\/schema\/logo\/image\/\"}}]}<\/script>\n<!-- \/ Yoast SEO plugin. -->","yoast_head_json":{"title":"Vergleich | K\u00e4hrs Switzerland","robots":{"index":"index","follow":"follow","max-snippet":"max-snippet:-1","max-image-preview":"max-image-preview:large","max-video-preview":"max-video-preview:-1"},"canonical":"https:\/\/kahrs.ch\/de\/vergleich\/","og_locale":"de_DE","og_type":"article","og_title":"Vergleich | K\u00e4hrs Switzerland","og_description":"Vergleichen Sie Ihre B\u00f6den Sie k\u00f6nnen Ihre B\u00f6den vergleichen und sie direkt in diese Tabellen einf\u00fcgen, um die Unterschiede zu verstehen. Zeige mir die Unterschiede Show All Fotos Produktname N\u00b0137.1 Detaillierte Merkmale Produktart Parkett Aufbau 3-Schicht-Parkett Holzarten Eiche Dielenmuster 3-Stab Sortierung Town Verlegung schwimmend \/ vollfl\u00e4chig verklebt Kollektion Solex Collection Verbindung Woodloc\u00ae 5S Nutzschicht ca. [&hellip;]","og_url":"https:\/\/kahrs.ch\/de\/vergleich\/","og_site_name":"K\u00e4hrs Switzerland","article_modified_time":"2024-09-09T12:56:00+00:00","og_image":[{"url":"https:\/\/info-kahrs.ch\/wp-content\/uploads\/2023\/07\/s137.1-150x150.jpg","type":"","width":"","height":""}],"twitter_card":"summary_large_image","twitter_misc":{"Gesch\u00e4tzte Lesezeit":"1\u00a0Minute"},"schema":{"@context":"https:\/\/schema.org","@graph":[{"@type":"WebPage","@id":"https:\/\/kahrs.ch\/de\/vergleich\/","url":"https:\/\/kahrs.ch\/de\/vergleich\/","name":"Vergleich | K\u00e4hrs Switzerland","isPartOf":{"@id":"https:\/\/kahrs.ch\/de\/#website"},"primaryImageOfPage":{"@id":"https:\/\/kahrs.ch\/de\/vergleich\/#primaryimage"},"image":{"@id":"https:\/\/kahrs.ch\/de\/vergleich\/#primaryimage"},"thumbnailUrl":"https:\/\/info-kahrs.ch\/wp-content\/uploads\/2023\/07\/s137.1-150x150.jpg","datePublished":"2023-07-17T13:49:32+00:00","dateModified":"2024-09-09T12:56:00+00:00","breadcrumb":{"@id":"https:\/\/kahrs.ch\/de\/vergleich\/#breadcrumb"},"inLanguage":"de","potentialAction":[{"@type":"ReadAction","target":["https:\/\/kahrs.ch\/de\/vergleich\/"]}]},{"@type":"ImageObject","inLanguage":"de","@id":"https:\/\/kahrs.ch\/de\/vergleich\/#primaryimage","url":"https:\/\/info-kahrs.ch\/wp-content\/uploads\/2023\/07\/s137.1-150x150.jpg","contentUrl":"https:\/\/info-kahrs.ch\/wp-content\/uploads\/2023\/07\/s137.1-150x150.jpg"},{"@type":"BreadcrumbList","@id":"https:\/\/kahrs.ch\/de\/vergleich\/#breadcrumb","itemListElement":[{"@type":"ListItem","position":1,"name":"Accueil","item":"https:\/\/kahrs.ch\/de\/kaehrs-parkett-und-vinylboeden\/"},{"@type":"ListItem","position":2,"name":"Vergleich"}]},{"@type":"WebSite","@id":"https:\/\/kahrs.ch\/de\/#website","url":"https:\/\/kahrs.ch\/de\/","name":"K\u00e4hrs Switzerland","description":"","publisher":{"@id":"https:\/\/kahrs.ch\/de\/#organization"},"alternateName":"K\u00e4hrs Switzerland","potentialAction":[{"@type":"SearchAction","target":{"@type":"EntryPoint","urlTemplate":"https:\/\/kahrs.ch\/de\/?s={search_term_string}"},"query-input":{"@type":"PropertyValueSpecification","valueRequired":true,"valueName":"search_term_string"}}],"inLanguage":"de"},{"@type":"Organization","@id":"https:\/\/kahrs.ch\/de\/#organization","name":"K\u00e4hrs Switzerland","url":"https:\/\/kahrs.ch\/de\/","logo":{"@type":"ImageObject","inLanguage":"de","@id":"https:\/\/kahrs.ch\/de\/#\/schema\/logo\/image\/","url":"https:\/\/kahrs.ch\/wp-content\/uploads\/2023\/08\/Kahrs-logotype-without-tagline_Print-150dpi_2-1.jpg","contentUrl":"https:\/\/kahrs.ch\/wp-content\/uploads\/2023\/08\/Kahrs-logotype-without-tagline_Print-150dpi_2-1.jpg","width":421,"height":376,"caption":"K\u00e4hrs Switzerland"},"image":{"@id":"https:\/\/kahrs.ch\/de\/#\/schema\/logo\/image\/"}}]}},"_links":{"self":[{"href":"https:\/\/kahrs.ch\/de\/wp-json\/wp\/v2\/pages\/11705","targetHints":{"allow":["GET"]}}],"collection":[{"href":"https:\/\/kahrs.ch\/de\/wp-json\/wp\/v2\/pages"}],"about":[{"href":"https:\/\/kahrs.ch\/de\/wp-json\/wp\/v2\/types\/page"}],"author":[{"embeddable":true,"href":"https:\/\/kahrs.ch\/de\/wp-json\/wp\/v2\/users\/1"}],"replies":[{"embeddable":true,"href":"https:\/\/kahrs.ch\/de\/wp-json\/wp\/v2\/comments?post=11705"}],"version-history":[{"count":11,"href":"https:\/\/kahrs.ch\/de\/wp-json\/wp\/v2\/pages\/11705\/revisions"}],"predecessor-version":[{"id":17446,"href":"https:\/\/kahrs.ch\/de\/wp-json\/wp\/v2\/pages\/11705\/revisions\/17446"}],"wp:attachment":[{"href":"https:\/\/kahrs.ch\/de\/wp-json\/wp\/v2\/media?parent=11705"}],"curies":[{"name":"wp","href":"https:\/\/api.w.org\/{rel}","templated":true}]}}