{"id":11757,"date":"2023-08-09T15:01:12","date_gmt":"2023-08-09T13:01:12","guid":{"rendered":"https:\/\/info-kahrs.ch\/produit\/yosemite\/"},"modified":"2023-08-09T15:01:12","modified_gmt":"2023-08-09T13:01:12","slug":"yosemite","status":"publish","type":"product","link":"https:\/\/kahrs.ch\/de\/produkt\/yosemite\/","title":{"rendered":"Yosemite"},"content":{"rendered":"","protected":false},"excerpt":{"rendered":"<p>Dieser Boden ist inspiriert von den rauen und rustikalen T\u00e4lern von Yosemite. Mit goldgelben Braunt\u00f6nen, sichtbaren \u00c4sten und Rissen und einer rustikalen Holzmaserung schafft es eine gem\u00fctliche Atmosph\u00e4re in jedem Interieur.<br \/>\nDer Yosemite-Nationalpark befindet sich in Kalifornien. Der Park umfasst eine Fl\u00e4che von 3\u2019081 Quadratkilometern und liegt an den Westh\u00e4ngen der Sierra Nevada.<\/p>\n","protected":false},"featured_media":5549,"template":"","meta":{"_acf_changed":false,"site-sidebar-layout":"default","site-content-layout":"","ast-site-content-layout":"default","site-content-style":"default","site-sidebar-style":"default","ast-global-header-display":"","ast-banner-title-visibility":"","ast-main-header-display":"","ast-hfb-above-header-display":"","ast-hfb-below-header-display":"","ast-hfb-mobile-header-display":"","site-post-title":"","ast-breadcrumbs-content":"","ast-featured-img":"","footer-sml-layout":"","ast-disable-related-posts":"","theme-transparent-header-meta":"","adv-header-id-meta":"","stick-header-meta":"","header-above-stick-meta":"","header-main-stick-meta":"","header-below-stick-meta":"","astra-migrate-meta-layouts":"default","ast-page-background-enabled":"default","ast-page-background-meta":{"desktop":{"background-color":"var(--ast-global-color-4)","background-image":"","background-repeat":"repeat","background-position":"center center","background-size":"auto","background-attachment":"scroll","background-type":"","background-media":"","overlay-type":"","overlay-color":"","overlay-opacity":"","overlay-gradient":""},"tablet":{"background-color":"","background-image":"","background-repeat":"repeat","background-position":"center center","background-size":"auto","background-attachment":"scroll","background-type":"","background-media":"","overlay-type":"","overlay-color":"","overlay-opacity":"","overlay-gradient":""},"mobile":{"background-color":"","background-image":"","background-repeat":"repeat","background-position":"center center","background-size":"auto","background-attachment":"scroll","background-type":"","background-media":"","overlay-type":"","overlay-color":"","overlay-opacity":"","overlay-gradient":""}},"ast-content-background-meta":{"desktop":{"background-color":"var(--ast-global-color-5)","background-image":"","background-repeat":"repeat","background-position":"center center","background-size":"auto","background-attachment":"scroll","background-type":"","background-media":"","overlay-type":"","overlay-color":"","overlay-opacity":"","overlay-gradient":""},"tablet":{"background-color":"var(--ast-global-color-5)","background-image":"","background-repeat":"repeat","background-position":"center center","background-size":"auto","background-attachment":"scroll","background-type":"","background-media":"","overlay-type":"","overlay-color":"","overlay-opacity":"","overlay-gradient":""},"mobile":{"background-color":"var(--ast-global-color-5)","background-image":"","background-repeat":"repeat","background-position":"center center","background-size":"auto","background-attachment":"scroll","background-type":"","background-media":"","overlay-type":"","overlay-color":"","overlay-opacity":"","overlay-gradient":""}}},"product_brand":[],"product_cat":[1363],"product_tag":[2733],"class_list":{"0":"post-11757","1":"product","2":"type-product","3":"status-publish","4":"has-post-thumbnail","6":"product_cat-aware-collection-de","7":"product_tag-hybride","8":"pa_accessoire-vernis-de","9":"pa_decors-holz-dekor","10":"desktop-align-left","11":"tablet-align-left","12":"mobile-align-left","13":"ast-product-gallery-layout-horizontal-slider","14":"ast-product-tabs-layout-horizontal","16":"first","17":"instock","18":"shipping-taxable","19":"purchasable","20":"product-type-simple"},"acf":[],"yoast_head":"<!-- This site is optimized with the Yoast SEO plugin v27.1.1 - https:\/\/yoast.com\/product\/yoast-seo-wordpress\/ -->\n<title>Entdecken Sie Hybrid Yosemite | K\u00e4hrs Switzerland<\/title>\n<meta name=\"description\" content=\"Dies ist der Hybrid der Aware Collection ,dieses Produkt ist\" \/>\n<meta name=\"robots\" content=\"index, follow, max-snippet:-1, max-image-preview:large, max-video-preview:-1\" \/>\n<link rel=\"canonical\" href=\"https:\/\/kahrs.ch\/de\/produkt\/yosemite\/\" \/>\n<meta property=\"og:locale\" content=\"de_DE\" \/>\n<meta property=\"og:type\" content=\"article\" \/>\n<meta property=\"og:title\" content=\"Entdecken Sie Hybrid Yosemite | K\u00e4hrs Switzerland\" \/>\n<meta property=\"og:description\" content=\"Dies ist der Hybrid der Aware Collection ,dieses Produkt ist\" \/>\n<meta property=\"og:url\" content=\"https:\/\/kahrs.ch\/de\/produkt\/yosemite\/\" \/>\n<meta property=\"og:site_name\" content=\"K\u00e4hrs Switzerland\" \/>\n<meta property=\"og:image\" content=\"https:\/\/kahrs.ch\/wp-content\/uploads\/2023\/08\/s-Yosemite.jpg\" \/>\n\t<meta property=\"og:image:width\" content=\"707\" \/>\n\t<meta property=\"og:image:height\" content=\"1000\" \/>\n\t<meta property=\"og:image:type\" content=\"image\/jpeg\" \/>\n<meta name=\"twitter:card\" content=\"summary_large_image\" \/>\n<script type=\"application\/ld+json\" class=\"yoast-schema-graph\">{\"@context\":\"https:\/\/schema.org\",\"@graph\":[{\"@type\":\"WebPage\",\"@id\":\"https:\/\/kahrs.ch\/de\/produkt\/yosemite\/\",\"url\":\"https:\/\/kahrs.ch\/de\/produkt\/yosemite\/\",\"name\":\"Entdecken Sie Hybrid Yosemite | K\u00e4hrs Switzerland\",\"isPartOf\":{\"@id\":\"https:\/\/kahrs.ch\/de\/#website\"},\"primaryImageOfPage\":{\"@id\":\"https:\/\/kahrs.ch\/de\/produkt\/yosemite\/#primaryimage\"},\"image\":{\"@id\":\"https:\/\/kahrs.ch\/de\/produkt\/yosemite\/#primaryimage\"},\"thumbnailUrl\":\"https:\/\/kahrs.ch\/wp-content\/uploads\/2023\/08\/s-Yosemite.jpg\",\"datePublished\":\"2023-08-09T13:01:12+00:00\",\"description\":\"Dies ist der Hybrid der Aware Collection ,dieses Produkt ist\",\"breadcrumb\":{\"@id\":\"https:\/\/kahrs.ch\/de\/produkt\/yosemite\/#breadcrumb\"},\"inLanguage\":\"de\",\"potentialAction\":[{\"@type\":\"ReadAction\",\"target\":[\"https:\/\/kahrs.ch\/de\/produkt\/yosemite\/\"]}]},{\"@type\":\"ImageObject\",\"inLanguage\":\"de\",\"@id\":\"https:\/\/kahrs.ch\/de\/produkt\/yosemite\/#primaryimage\",\"url\":\"https:\/\/kahrs.ch\/wp-content\/uploads\/2023\/08\/s-Yosemite.jpg\",\"contentUrl\":\"https:\/\/kahrs.ch\/wp-content\/uploads\/2023\/08\/s-Yosemite.jpg\",\"width\":707,\"height\":1000},{\"@type\":\"BreadcrumbList\",\"@id\":\"https:\/\/kahrs.ch\/de\/produkt\/yosemite\/#breadcrumb\",\"itemListElement\":[{\"@type\":\"ListItem\",\"position\":1,\"name\":\"Accueil\",\"item\":\"https:\/\/kahrs.ch\/de\/kaehrs-parkett-und-vinylboeden\/\"},{\"@type\":\"ListItem\",\"position\":2,\"name\":\"Product\",\"item\":\"https:\/\/kahrs.ch\/de\/product\/\"},{\"@type\":\"ListItem\",\"position\":3,\"name\":\"Yosemite\"}]},{\"@type\":\"WebSite\",\"@id\":\"https:\/\/kahrs.ch\/de\/#website\",\"url\":\"https:\/\/kahrs.ch\/de\/\",\"name\":\"K\u00e4hrs Switzerland\",\"description\":\"\",\"publisher\":{\"@id\":\"https:\/\/kahrs.ch\/de\/#organization\"},\"alternateName\":\"K\u00e4hrs Switzerland\",\"potentialAction\":[{\"@type\":\"SearchAction\",\"target\":{\"@type\":\"EntryPoint\",\"urlTemplate\":\"https:\/\/kahrs.ch\/de\/?s={search_term_string}\"},\"query-input\":{\"@type\":\"PropertyValueSpecification\",\"valueRequired\":true,\"valueName\":\"search_term_string\"}}],\"inLanguage\":\"de\"},{\"@type\":\"Organization\",\"@id\":\"https:\/\/kahrs.ch\/de\/#organization\",\"name\":\"K\u00e4hrs Switzerland\",\"url\":\"https:\/\/kahrs.ch\/de\/\",\"logo\":{\"@type\":\"ImageObject\",\"inLanguage\":\"de\",\"@id\":\"https:\/\/kahrs.ch\/de\/#\/schema\/logo\/image\/\",\"url\":\"https:\/\/kahrs.ch\/wp-content\/uploads\/2023\/08\/Kahrs-logotype-without-tagline_Print-150dpi_2-1.jpg\",\"contentUrl\":\"https:\/\/kahrs.ch\/wp-content\/uploads\/2023\/08\/Kahrs-logotype-without-tagline_Print-150dpi_2-1.jpg\",\"width\":421,\"height\":376,\"caption\":\"K\u00e4hrs Switzerland\"},\"image\":{\"@id\":\"https:\/\/kahrs.ch\/de\/#\/schema\/logo\/image\/\"}}]}<\/script>\n<!-- \/ Yoast SEO plugin. -->","yoast_head_json":{"title":"Entdecken Sie Hybrid Yosemite | K\u00e4hrs Switzerland","description":"Dies ist der Hybrid der Aware Collection ,dieses Produkt ist","robots":{"index":"index","follow":"follow","max-snippet":"max-snippet:-1","max-image-preview":"max-image-preview:large","max-video-preview":"max-video-preview:-1"},"canonical":"https:\/\/kahrs.ch\/de\/produkt\/yosemite\/","og_locale":"de_DE","og_type":"article","og_title":"Entdecken Sie Hybrid Yosemite | K\u00e4hrs Switzerland","og_description":"Dies ist der Hybrid der Aware Collection ,dieses Produkt ist","og_url":"https:\/\/kahrs.ch\/de\/produkt\/yosemite\/","og_site_name":"K\u00e4hrs Switzerland","og_image":[{"width":707,"height":1000,"url":"https:\/\/kahrs.ch\/wp-content\/uploads\/2023\/08\/s-Yosemite.jpg","type":"image\/jpeg"}],"twitter_card":"summary_large_image","schema":{"@context":"https:\/\/schema.org","@graph":[{"@type":"WebPage","@id":"https:\/\/kahrs.ch\/de\/produkt\/yosemite\/","url":"https:\/\/kahrs.ch\/de\/produkt\/yosemite\/","name":"Entdecken Sie Hybrid Yosemite | K\u00e4hrs Switzerland","isPartOf":{"@id":"https:\/\/kahrs.ch\/de\/#website"},"primaryImageOfPage":{"@id":"https:\/\/kahrs.ch\/de\/produkt\/yosemite\/#primaryimage"},"image":{"@id":"https:\/\/kahrs.ch\/de\/produkt\/yosemite\/#primaryimage"},"thumbnailUrl":"https:\/\/kahrs.ch\/wp-content\/uploads\/2023\/08\/s-Yosemite.jpg","datePublished":"2023-08-09T13:01:12+00:00","description":"Dies ist der Hybrid der Aware Collection ,dieses Produkt ist","breadcrumb":{"@id":"https:\/\/kahrs.ch\/de\/produkt\/yosemite\/#breadcrumb"},"inLanguage":"de","potentialAction":[{"@type":"ReadAction","target":["https:\/\/kahrs.ch\/de\/produkt\/yosemite\/"]}]},{"@type":"ImageObject","inLanguage":"de","@id":"https:\/\/kahrs.ch\/de\/produkt\/yosemite\/#primaryimage","url":"https:\/\/kahrs.ch\/wp-content\/uploads\/2023\/08\/s-Yosemite.jpg","contentUrl":"https:\/\/kahrs.ch\/wp-content\/uploads\/2023\/08\/s-Yosemite.jpg","width":707,"height":1000},{"@type":"BreadcrumbList","@id":"https:\/\/kahrs.ch\/de\/produkt\/yosemite\/#breadcrumb","itemListElement":[{"@type":"ListItem","position":1,"name":"Accueil","item":"https:\/\/kahrs.ch\/de\/kaehrs-parkett-und-vinylboeden\/"},{"@type":"ListItem","position":2,"name":"Product","item":"https:\/\/kahrs.ch\/de\/product\/"},{"@type":"ListItem","position":3,"name":"Yosemite"}]},{"@type":"WebSite","@id":"https:\/\/kahrs.ch\/de\/#website","url":"https:\/\/kahrs.ch\/de\/","name":"K\u00e4hrs Switzerland","description":"","publisher":{"@id":"https:\/\/kahrs.ch\/de\/#organization"},"alternateName":"K\u00e4hrs Switzerland","potentialAction":[{"@type":"SearchAction","target":{"@type":"EntryPoint","urlTemplate":"https:\/\/kahrs.ch\/de\/?s={search_term_string}"},"query-input":{"@type":"PropertyValueSpecification","valueRequired":true,"valueName":"search_term_string"}}],"inLanguage":"de"},{"@type":"Organization","@id":"https:\/\/kahrs.ch\/de\/#organization","name":"K\u00e4hrs Switzerland","url":"https:\/\/kahrs.ch\/de\/","logo":{"@type":"ImageObject","inLanguage":"de","@id":"https:\/\/kahrs.ch\/de\/#\/schema\/logo\/image\/","url":"https:\/\/kahrs.ch\/wp-content\/uploads\/2023\/08\/Kahrs-logotype-without-tagline_Print-150dpi_2-1.jpg","contentUrl":"https:\/\/kahrs.ch\/wp-content\/uploads\/2023\/08\/Kahrs-logotype-without-tagline_Print-150dpi_2-1.jpg","width":421,"height":376,"caption":"K\u00e4hrs Switzerland"},"image":{"@id":"https:\/\/kahrs.ch\/de\/#\/schema\/logo\/image\/"}}]}},"_links":{"self":[{"href":"https:\/\/kahrs.ch\/de\/wp-json\/wp\/v2\/product\/11757","targetHints":{"allow":["GET"]}}],"collection":[{"href":"https:\/\/kahrs.ch\/de\/wp-json\/wp\/v2\/product"}],"about":[{"href":"https:\/\/kahrs.ch\/de\/wp-json\/wp\/v2\/types\/product"}],"version-history":[{"count":0,"href":"https:\/\/kahrs.ch\/de\/wp-json\/wp\/v2\/product\/11757\/revisions"}],"wp:featuredmedia":[{"embeddable":true,"href":"https:\/\/kahrs.ch\/de\/wp-json\/wp\/v2\/media\/5549"}],"wp:attachment":[{"href":"https:\/\/kahrs.ch\/de\/wp-json\/wp\/v2\/media?parent=11757"}],"wp:term":[{"taxonomy":"product_brand","embeddable":true,"href":"https:\/\/kahrs.ch\/de\/wp-json\/wp\/v2\/product_brand?post=11757"},{"taxonomy":"product_cat","embeddable":true,"href":"https:\/\/kahrs.ch\/de\/wp-json\/wp\/v2\/product_cat?post=11757"},{"taxonomy":"product_tag","embeddable":true,"href":"https:\/\/kahrs.ch\/de\/wp-json\/wp\/v2\/product_tag?post=11757"}],"curies":[{"name":"wp","href":"https:\/\/api.w.org\/{rel}","templated":true}]}}