{"id":12326,"date":"2023-07-28T09:24:27","date_gmt":"2023-07-28T07:24:27","guid":{"rendered":"https:\/\/info-kahrs.ch\/produit\/n144-1\/"},"modified":"2023-10-24T15:22:39","modified_gmt":"2023-10-24T13:22:39","slug":"n144-1","status":"publish","type":"product","link":"https:\/\/kahrs.ch\/de\/produkt\/n144-1\/","title":{"rendered":"N\u00b0144.1"},"content":{"rendered":"","protected":false},"excerpt":{"rendered":"<p>Dieses Produkt spiegelt K\u00e4hrs&#8216; Wertsch\u00e4tzung f\u00fcr die Natur wider und ist eine nat\u00fcrliche Mischung aus strukturierten Brettern mit teilweise gekitteten Rissen. Das bedeutet, dass es von Charge zu Charge Unterschiede in der Lebendigkeit und den Farbvariationen geben kann.<\/p>\n","protected":false},"featured_media":3728,"template":"","meta":{"_acf_changed":false,"site-sidebar-layout":"default","site-content-layout":"","ast-site-content-layout":"default","site-content-style":"default","site-sidebar-style":"default","ast-global-header-display":"","ast-banner-title-visibility":"","ast-main-header-display":"","ast-hfb-above-header-display":"","ast-hfb-below-header-display":"","ast-hfb-mobile-header-display":"","site-post-title":"","ast-breadcrumbs-content":"","ast-featured-img":"","footer-sml-layout":"","ast-disable-related-posts":"","theme-transparent-header-meta":"default","adv-header-id-meta":"","stick-header-meta":"default","header-above-stick-meta":"","header-main-stick-meta":"","header-below-stick-meta":"","astra-migrate-meta-layouts":"default","ast-page-background-enabled":"default","ast-page-background-meta":{"desktop":{"background-color":"var(--ast-global-color-4)","background-image":"","background-repeat":"repeat","background-position":"center center","background-size":"auto","background-attachment":"scroll","background-type":"","background-media":"","overlay-type":"","overlay-color":"","overlay-opacity":"","overlay-gradient":""},"tablet":{"background-color":"","background-image":"","background-repeat":"repeat","background-position":"center center","background-size":"auto","background-attachment":"scroll","background-type":"","background-media":"","overlay-type":"","overlay-color":"","overlay-opacity":"","overlay-gradient":""},"mobile":{"background-color":"","background-image":"","background-repeat":"repeat","background-position":"center center","background-size":"auto","background-attachment":"scroll","background-type":"","background-media":"","overlay-type":"","overlay-color":"","overlay-opacity":"","overlay-gradient":""}},"ast-content-background-meta":{"desktop":{"background-color":"var(--ast-global-color-5)","background-image":"","background-repeat":"repeat","background-position":"center center","background-size":"auto","background-attachment":"scroll","background-type":"","background-media":"","overlay-type":"","overlay-color":"","overlay-opacity":"","overlay-gradient":""},"tablet":{"background-color":"var(--ast-global-color-5)","background-image":"","background-repeat":"repeat","background-position":"center center","background-size":"auto","background-attachment":"scroll","background-type":"","background-media":"","overlay-type":"","overlay-color":"","overlay-opacity":"","overlay-gradient":""},"mobile":{"background-color":"var(--ast-global-color-5)","background-image":"","background-repeat":"repeat","background-position":"center center","background-size":"auto","background-attachment":"scroll","background-type":"","background-media":"","overlay-type":"","overlay-color":"","overlay-opacity":"","overlay-gradient":""}}},"product_brand":[],"product_cat":[2756],"product_tag":[2731],"class_list":{"0":"post-12326","1":"product","2":"type-product","3":"status-publish","4":"has-post-thumbnail","6":"product_cat-gotland-collection-de","7":"product_tag-parkett","8":"pa_accessoire-2-de","9":"pa_accessoire-huile-de","10":"pa_choix-de-bois-country-de-2","11":"pa_essence-de-bois-eiche","12":"pa_similaire-couleur-k-de","13":"desktop-align-left","14":"tablet-align-left","15":"mobile-align-left","16":"ast-product-gallery-layout-horizontal-slider","17":"ast-product-tabs-layout-horizontal","19":"first","20":"instock","21":"shipping-taxable","22":"purchasable","23":"product-type-simple"},"acf":[],"yoast_head":"<!-- This site is optimized with the Yoast SEO plugin v27.1.1 - https:\/\/yoast.com\/product\/yoast-seo-wordpress\/ -->\n<title>Entdecken Sie Parkett N\u00b0144.1 | K\u00e4hrs Switzerland<\/title>\n<meta name=\"description\" content=\"Dies ist der Parkett der Gotland Collection ,dieses Produkt ist\" \/>\n<meta name=\"robots\" content=\"index, follow, max-snippet:-1, max-image-preview:large, max-video-preview:-1\" \/>\n<link rel=\"canonical\" href=\"https:\/\/kahrs.ch\/de\/produkt\/n144-1\/\" \/>\n<meta property=\"og:locale\" content=\"de_DE\" \/>\n<meta property=\"og:type\" content=\"article\" \/>\n<meta property=\"og:title\" content=\"Entdecken Sie Parkett N\u00b0144.1 | K\u00e4hrs Switzerland\" \/>\n<meta property=\"og:description\" content=\"Dies ist der Parkett der Gotland Collection ,dieses Produkt ist\" \/>\n<meta property=\"og:url\" content=\"https:\/\/kahrs.ch\/de\/produkt\/n144-1\/\" \/>\n<meta property=\"og:site_name\" content=\"K\u00e4hrs Switzerland\" \/>\n<meta property=\"article:modified_time\" content=\"2023-10-24T13:22:39+00:00\" \/>\n<meta property=\"og:image\" content=\"https:\/\/kahrs.ch\/wp-content\/uploads\/2023\/07\/s144.1-300x284-1.jpg\" \/>\n\t<meta property=\"og:image:width\" content=\"300\" \/>\n\t<meta property=\"og:image:height\" content=\"425\" \/>\n\t<meta property=\"og:image:type\" content=\"image\/jpeg\" \/>\n<meta name=\"twitter:card\" content=\"summary_large_image\" \/>\n<script type=\"application\/ld+json\" class=\"yoast-schema-graph\">{\"@context\":\"https:\/\/schema.org\",\"@graph\":[{\"@type\":\"WebPage\",\"@id\":\"https:\/\/kahrs.ch\/de\/produkt\/n144-1\/\",\"url\":\"https:\/\/kahrs.ch\/de\/produkt\/n144-1\/\",\"name\":\"Entdecken Sie Parkett N\u00b0144.1 | K\u00e4hrs Switzerland\",\"isPartOf\":{\"@id\":\"https:\/\/kahrs.ch\/de\/#website\"},\"primaryImageOfPage\":{\"@id\":\"https:\/\/kahrs.ch\/de\/produkt\/n144-1\/#primaryimage\"},\"image\":{\"@id\":\"https:\/\/kahrs.ch\/de\/produkt\/n144-1\/#primaryimage\"},\"thumbnailUrl\":\"https:\/\/kahrs.ch\/wp-content\/uploads\/2023\/07\/s144.1-300x284-1.jpg\",\"datePublished\":\"2023-07-28T07:24:27+00:00\",\"dateModified\":\"2023-10-24T13:22:39+00:00\",\"description\":\"Dies ist der Parkett der Gotland Collection ,dieses Produkt ist\",\"breadcrumb\":{\"@id\":\"https:\/\/kahrs.ch\/de\/produkt\/n144-1\/#breadcrumb\"},\"inLanguage\":\"de\",\"potentialAction\":[{\"@type\":\"ReadAction\",\"target\":[\"https:\/\/kahrs.ch\/de\/produkt\/n144-1\/\"]}]},{\"@type\":\"ImageObject\",\"inLanguage\":\"de\",\"@id\":\"https:\/\/kahrs.ch\/de\/produkt\/n144-1\/#primaryimage\",\"url\":\"https:\/\/kahrs.ch\/wp-content\/uploads\/2023\/07\/s144.1-300x284-1.jpg\",\"contentUrl\":\"https:\/\/kahrs.ch\/wp-content\/uploads\/2023\/07\/s144.1-300x284-1.jpg\",\"width\":300,\"height\":425},{\"@type\":\"BreadcrumbList\",\"@id\":\"https:\/\/kahrs.ch\/de\/produkt\/n144-1\/#breadcrumb\",\"itemListElement\":[{\"@type\":\"ListItem\",\"position\":1,\"name\":\"Accueil\",\"item\":\"https:\/\/kahrs.ch\/de\/kaehrs-parkett-und-vinylboeden\/\"},{\"@type\":\"ListItem\",\"position\":2,\"name\":\"Product\",\"item\":\"https:\/\/kahrs.ch\/de\/product\/\"},{\"@type\":\"ListItem\",\"position\":3,\"name\":\"N\u00b0144.1\"}]},{\"@type\":\"WebSite\",\"@id\":\"https:\/\/kahrs.ch\/de\/#website\",\"url\":\"https:\/\/kahrs.ch\/de\/\",\"name\":\"K\u00e4hrs Switzerland\",\"description\":\"\",\"publisher\":{\"@id\":\"https:\/\/kahrs.ch\/de\/#organization\"},\"alternateName\":\"K\u00e4hrs Switzerland\",\"potentialAction\":[{\"@type\":\"SearchAction\",\"target\":{\"@type\":\"EntryPoint\",\"urlTemplate\":\"https:\/\/kahrs.ch\/de\/?s={search_term_string}\"},\"query-input\":{\"@type\":\"PropertyValueSpecification\",\"valueRequired\":true,\"valueName\":\"search_term_string\"}}],\"inLanguage\":\"de\"},{\"@type\":\"Organization\",\"@id\":\"https:\/\/kahrs.ch\/de\/#organization\",\"name\":\"K\u00e4hrs Switzerland\",\"url\":\"https:\/\/kahrs.ch\/de\/\",\"logo\":{\"@type\":\"ImageObject\",\"inLanguage\":\"de\",\"@id\":\"https:\/\/kahrs.ch\/de\/#\/schema\/logo\/image\/\",\"url\":\"https:\/\/kahrs.ch\/wp-content\/uploads\/2023\/08\/Kahrs-logotype-without-tagline_Print-150dpi_2-1.jpg\",\"contentUrl\":\"https:\/\/kahrs.ch\/wp-content\/uploads\/2023\/08\/Kahrs-logotype-without-tagline_Print-150dpi_2-1.jpg\",\"width\":421,\"height\":376,\"caption\":\"K\u00e4hrs Switzerland\"},\"image\":{\"@id\":\"https:\/\/kahrs.ch\/de\/#\/schema\/logo\/image\/\"}}]}<\/script>\n<!-- \/ Yoast SEO plugin. -->","yoast_head_json":{"title":"Entdecken Sie Parkett N\u00b0144.1 | K\u00e4hrs Switzerland","description":"Dies ist der Parkett der Gotland Collection ,dieses Produkt ist","robots":{"index":"index","follow":"follow","max-snippet":"max-snippet:-1","max-image-preview":"max-image-preview:large","max-video-preview":"max-video-preview:-1"},"canonical":"https:\/\/kahrs.ch\/de\/produkt\/n144-1\/","og_locale":"de_DE","og_type":"article","og_title":"Entdecken Sie Parkett N\u00b0144.1 | K\u00e4hrs Switzerland","og_description":"Dies ist der Parkett der Gotland Collection ,dieses Produkt ist","og_url":"https:\/\/kahrs.ch\/de\/produkt\/n144-1\/","og_site_name":"K\u00e4hrs Switzerland","article_modified_time":"2023-10-24T13:22:39+00:00","og_image":[{"width":300,"height":425,"url":"https:\/\/kahrs.ch\/wp-content\/uploads\/2023\/07\/s144.1-300x284-1.jpg","type":"image\/jpeg"}],"twitter_card":"summary_large_image","schema":{"@context":"https:\/\/schema.org","@graph":[{"@type":"WebPage","@id":"https:\/\/kahrs.ch\/de\/produkt\/n144-1\/","url":"https:\/\/kahrs.ch\/de\/produkt\/n144-1\/","name":"Entdecken Sie Parkett N\u00b0144.1 | K\u00e4hrs Switzerland","isPartOf":{"@id":"https:\/\/kahrs.ch\/de\/#website"},"primaryImageOfPage":{"@id":"https:\/\/kahrs.ch\/de\/produkt\/n144-1\/#primaryimage"},"image":{"@id":"https:\/\/kahrs.ch\/de\/produkt\/n144-1\/#primaryimage"},"thumbnailUrl":"https:\/\/kahrs.ch\/wp-content\/uploads\/2023\/07\/s144.1-300x284-1.jpg","datePublished":"2023-07-28T07:24:27+00:00","dateModified":"2023-10-24T13:22:39+00:00","description":"Dies ist der Parkett der Gotland Collection ,dieses Produkt ist","breadcrumb":{"@id":"https:\/\/kahrs.ch\/de\/produkt\/n144-1\/#breadcrumb"},"inLanguage":"de","potentialAction":[{"@type":"ReadAction","target":["https:\/\/kahrs.ch\/de\/produkt\/n144-1\/"]}]},{"@type":"ImageObject","inLanguage":"de","@id":"https:\/\/kahrs.ch\/de\/produkt\/n144-1\/#primaryimage","url":"https:\/\/kahrs.ch\/wp-content\/uploads\/2023\/07\/s144.1-300x284-1.jpg","contentUrl":"https:\/\/kahrs.ch\/wp-content\/uploads\/2023\/07\/s144.1-300x284-1.jpg","width":300,"height":425},{"@type":"BreadcrumbList","@id":"https:\/\/kahrs.ch\/de\/produkt\/n144-1\/#breadcrumb","itemListElement":[{"@type":"ListItem","position":1,"name":"Accueil","item":"https:\/\/kahrs.ch\/de\/kaehrs-parkett-und-vinylboeden\/"},{"@type":"ListItem","position":2,"name":"Product","item":"https:\/\/kahrs.ch\/de\/product\/"},{"@type":"ListItem","position":3,"name":"N\u00b0144.1"}]},{"@type":"WebSite","@id":"https:\/\/kahrs.ch\/de\/#website","url":"https:\/\/kahrs.ch\/de\/","name":"K\u00e4hrs Switzerland","description":"","publisher":{"@id":"https:\/\/kahrs.ch\/de\/#organization"},"alternateName":"K\u00e4hrs Switzerland","potentialAction":[{"@type":"SearchAction","target":{"@type":"EntryPoint","urlTemplate":"https:\/\/kahrs.ch\/de\/?s={search_term_string}"},"query-input":{"@type":"PropertyValueSpecification","valueRequired":true,"valueName":"search_term_string"}}],"inLanguage":"de"},{"@type":"Organization","@id":"https:\/\/kahrs.ch\/de\/#organization","name":"K\u00e4hrs Switzerland","url":"https:\/\/kahrs.ch\/de\/","logo":{"@type":"ImageObject","inLanguage":"de","@id":"https:\/\/kahrs.ch\/de\/#\/schema\/logo\/image\/","url":"https:\/\/kahrs.ch\/wp-content\/uploads\/2023\/08\/Kahrs-logotype-without-tagline_Print-150dpi_2-1.jpg","contentUrl":"https:\/\/kahrs.ch\/wp-content\/uploads\/2023\/08\/Kahrs-logotype-without-tagline_Print-150dpi_2-1.jpg","width":421,"height":376,"caption":"K\u00e4hrs Switzerland"},"image":{"@id":"https:\/\/kahrs.ch\/de\/#\/schema\/logo\/image\/"}}]}},"_links":{"self":[{"href":"https:\/\/kahrs.ch\/de\/wp-json\/wp\/v2\/product\/12326","targetHints":{"allow":["GET"]}}],"collection":[{"href":"https:\/\/kahrs.ch\/de\/wp-json\/wp\/v2\/product"}],"about":[{"href":"https:\/\/kahrs.ch\/de\/wp-json\/wp\/v2\/types\/product"}],"version-history":[{"count":1,"href":"https:\/\/kahrs.ch\/de\/wp-json\/wp\/v2\/product\/12326\/revisions"}],"predecessor-version":[{"id":12478,"href":"https:\/\/kahrs.ch\/de\/wp-json\/wp\/v2\/product\/12326\/revisions\/12478"}],"wp:featuredmedia":[{"embeddable":true,"href":"https:\/\/kahrs.ch\/de\/wp-json\/wp\/v2\/media\/3728"}],"wp:attachment":[{"href":"https:\/\/kahrs.ch\/de\/wp-json\/wp\/v2\/media?parent=12326"}],"wp:term":[{"taxonomy":"product_brand","embeddable":true,"href":"https:\/\/kahrs.ch\/de\/wp-json\/wp\/v2\/product_brand?post=12326"},{"taxonomy":"product_cat","embeddable":true,"href":"https:\/\/kahrs.ch\/de\/wp-json\/wp\/v2\/product_cat?post=12326"},{"taxonomy":"product_tag","embeddable":true,"href":"https:\/\/kahrs.ch\/de\/wp-json\/wp\/v2\/product_tag?post=12326"}],"curies":[{"name":"wp","href":"https:\/\/api.w.org\/{rel}","templated":true}]}}